{"id":2,"date":"2016-07-20T20:34:27","date_gmt":"2016-07-20T18:34:27","guid":{"rendered":"http:\/\/ceramim.com\/wp\/?page_id=2"},"modified":"2025-12-08T08:37:36","modified_gmt":"2025-12-08T07:37:36","slug":"exhibitions","status":"publish","type":"page","link":"https:\/\/ceramim.com\/index.php\/exhibitions\/","title":{"rendered":"Exhibitions"},"content":{"rendered":"[vc_row][vc_column_text]Marie-Isabelle MARIEY\n\nCeramic artist &#8211; Art woodturner\n\n<!-- \/wp:html -->\n\n<!-- wp:paragraph -->\n\n[\/vc_column_text][\/vc_row]\n\n[vc_row][vc_column][vc_column_text][\/vc_column_text][vc_separator border_width=&#8221;3&#8243;][vc_message]\n\n***\u00a0 \u00a0 \u00a0 \u00a0 \u00a0 \u00a0 <a href=\"https:\/\/ateliersdart.com\/repertoire-des-ateliers\/ceramim\/\" target=\"_blank\" rel=\"noopener\">Member of Ateliers d&#8217;Art de France <\/a> \u00a0 \u00a0 \u00a0 \u00a0 \u00a0 \u00a0***\n\nAfter splendid exhibitions at Domaine de Fr\u00e9geneuil near Angoul\u00eame then Vallauris and Gruissan,plus Sainte Foy d&#8217;Aigrefeuille and Grenoble, I\u00a0 will open my workshop the coming week-end\n\n<span class=\" rd_code_blu\"><a href=\"https:\/\/ceramim.com\/wp-content\/uploads\/2025\/12\/Expo-Ste-Foy-2025-decembre.jpg\"><img loading=\"lazy\" class=\"alignnone  wp-image-6167\" src=\"https:\/\/ceramim.com\/wp-content\/uploads\/2025\/12\/Expo-Ste-Foy-2025-decembre-213x300.jpg\" alt=\"\" width=\"318\" height=\"448\" srcset=\"https:\/\/ceramim.com\/wp-content\/uploads\/2025\/12\/Expo-Ste-Foy-2025-decembre-213x300.jpg 213w, https:\/\/ceramim.com\/wp-content\/uploads\/2025\/12\/Expo-Ste-Foy-2025-decembre-726x1024.jpg 726w, https:\/\/ceramim.com\/wp-content\/uploads\/2025\/12\/Expo-Ste-Foy-2025-decembre-768x1083.jpg 768w, https:\/\/ceramim.com\/wp-content\/uploads\/2025\/12\/Expo-Ste-Foy-2025-decembre-1090x1536.jpg 1090w, https:\/\/ceramim.com\/wp-content\/uploads\/2025\/12\/Expo-Ste-Foy-2025-decembre-1116x1573.jpg 1116w, https:\/\/ceramim.com\/wp-content\/uploads\/2025\/12\/Expo-Ste-Foy-2025-decembre-806x1136.jpg 806w, https:\/\/ceramim.com\/wp-content\/uploads\/2025\/12\/Expo-Ste-Foy-2025-decembre-558x787.jpg 558w, https:\/\/ceramim.com\/wp-content\/uploads\/2025\/12\/Expo-Ste-Foy-2025-decembre-655x923.jpg 655w, https:\/\/ceramim.com\/wp-content\/uploads\/2025\/12\/Expo-Ste-Foy-2025-decembre-600x846.jpg 600w, https:\/\/ceramim.com\/wp-content\/uploads\/2025\/12\/Expo-Ste-Foy-2025-decembre.jpg 1372w\" sizes=\"(max-width: 318px) 100vw, 318px\" \/><\/a><\/span>\n\nDon&#8217;t hesitate to share!!!\n\n*****\n\nBeside these dates, you can always come and see me at my workshop (give me a call before!) . A bient\u00f4t j&#8217;esp\u00e8re&#8230;\n\nYou will find below a summary of the diverses exhibitions I attended since I began in 2013 :\n\n[\/vc_message][\/vc_column][lab_divider title=&#8221;Expositions Pr\u00e9c\u00e9demment R\u00e9alis\u00e9es &#8221; text_color=&#8221;#ffffff&#8221; text_color_font=&#8221;#ffffff&#8221;][vc_tta_accordion style=&#8221;flat&#8221; color=&#8221;black&#8221; spacing=&#8221;10&#8243; active_section=&#8221;non-existing number&#8221; no_fill=&#8221;true&#8221; collapsible_all=&#8221;true&#8221;]\n\n[vc_tta_section title=&#8221;2025&#8243; tab_id=&#8221;1760773500593-bad54227-18c3&#8243;][vc_column_text]\n\nNovembre &#8211; Salon des Cr\u00e9ateurs &#8211; Grenoble\n\nNovembre &#8211; March\u00e9 des artisans &#8211; Sainte Foy d\u2019Aigrefeuille\n\nSeptembre &#8211; Salon Renc&#8217;Art &#8211; Gruissan\n\nAout &#8211; March\u00e9 des potiers &#8211; Vallauris\n\n[\/vc_column_text][\/vc_tta_section][vc_tta_section title=&#8221;2024&#8243; tab_id=&#8221;1760773499031-7e299f30-46e6&#8243;][vc_column_text]\n\nUNDER CONSTRUCTION\n\n[\/vc_column_text][\/vc_tta_section][vc_tta_section title=&#8221;2023&#8243; tab_id=&#8221;1760773493322-57ba5a83-65d4&#8243;][vc_column_text]\n\nUNDER CONSTRUCTION !!!\n\n[\/vc_column_text][\/vc_tta_section][vc_tta_section title=&#8221;2022&#8243; tab_id=&#8221;1760773629631-b0ddb4bd-717e&#8221;][vc_column_text]\n\nUNDER CONSTRUCTION !!!\n\n[\/vc_column_text][\/vc_tta_section][vc_tta_section title=&#8221;2021&#8243; tab_id=&#8221;1760773627824-10bf1be7-143f&#8221;][vc_column_text]\n\nUNDER CONSTRUCTION !!!\n\n[\/vc_column_text][\/vc_tta_section][vc_tta_section title=&#8221;2020&#8243; tab_id=&#8221;1760773625807-9efb648b-36d3&#8243;][vc_column_text]\n\nUNDER CONSTRUCTION !!!\n\n[\/vc_column_text][\/vc_tta_section][vc_tta_section title=&#8221;2019&#8243; tab_id=&#8221;1760773622344-6a37d19d-45f0&#8243;][vc_column_text]\n\nUNDER CONSTRUCTION !!!\n\n[\/vc_column_text][\/vc_tta_section][vc_tta_section title=&#8221;2018&#8243; tab_id=&#8221;1760773715273-4b78a24b-67dc&#8221;][vc_column_text]\n\nUNDER CONSTRUCTION !!!\n\n[\/vc_column_text][\/vc_tta_section][vc_tta_section title=&#8221;2017&#8243; tab_id=&#8221;1760773713539-0bac36aa-8541&#8243;][vc_column_text]\n\nUNDER CONSTRUCTION !!!\n\n[\/vc_column_text][\/vc_tta_section][vc_tta_section title=&#8221;2016&#8243; tab_id=&#8221;1473860243124-a5342b83-420f&#8221;][vc_column_text]Avril &#8211; March\u00e9 de printemps Alterrae &#8211; Saint Orens de Gameville\n\nAvril &#8211; Les artistes au village, 17\u00e8me \u00e9dition &#8211; Bosdarros\n\nSeptembre &#8211;<a href=\"http:\/\/www.heliciel.sitew.fr\/#Accueil.A\"> 9\u00e8me festival des m\u00e9tiers d&#8217;art <\/a>&#8211; Saint-Lizier[\/vc_column_text][\/vc_tta_section]\n\n[vc_tta_section title=&#8221;2015&#8243; tab_id=&#8221;1473859981500-6756059e-825e&#8221;][vc_column_text]Mai &#8211; March\u00e9 de printemps Alterrae &#8211; Saint Orens de Gameville\n\nJuin &#8211; Les artistes au village 16\u00e8me \u00e9dition &#8211; Bosdarros\n\nOctobre &#8211; Salon des arts et du feu &#8211; Martres Tolosane\n\nNovembre &#8211; March\u00e9 des plantations et de l\u2019artisanat &#8211; Balma\n\nNovembre &#8211; March\u00e9 des artisans &#8211; Sainte Foy d\u2019Aigrefeuille\n\nNovembre &#8211; Exposition \u00e0 la Galerie des Carmes &#8211; Toulouse\n\nNovembre &#8211; Salon de No\u00ebl et de l\u2019art de vivre &#8211; Pau\n\nD\u00e9cembre &#8211; March\u00e9 de No\u00ebl Alterrae &#8211; Saint Orens de Gameville[\/vc_column_text][\/vc_tta_section]\n\n[vc_tta_section title=&#8221;2014&#8243; tab_id=&#8221;1473859785132-24d7778d-de81&#8243;][vc_column_text]Mars &#8211; Exposition artistique de l\u2019association \u201cHumana\u201d &#8211; Ramonville\n\nAvril &#8211; F\u00eate du pays Carcassonnais &#8211; Carcassonne\n\nAvril &#8211; March\u00e9 de printemps Alterrae &#8211; Saint Orens de Gameville\n\nMai &#8211; XI \u00e8me salon des arts cr\u00e9atifs &#8211; Pibrac\n\nJuin &#8211; Les artistes au village, 15\u00e8me \u00e9dition &#8211; Bosdarros\n\nJuin &#8211; Randonn\u00e9e des artistes &#8211; Vals\n\nOctobre &#8211; 32\u00e8mes rencontres de l\u2019art et de l\u2019artisanat &#8211; Plaisance du Touch\n\nOctobre &#8211; Salon des arts et du feu , Ilot des cr\u00e9ateurs &#8211; Martres Tolosane\n\nNovembre &#8211; XIX march\u00e9 de potiers &#8211; Roquettes\n\nNovembre &#8211; Salon de No\u00ebl et de l\u2019art de vivre &#8211; Pau\n\nD\u00e9cembre &#8211; March\u00e9 de No\u00ebl (chalet cr\u00e9ateur) &#8211; Toulouse\n\nD\u00e9cembre &#8211; March\u00e9 de No\u00ebl Alterrae &#8211; Saint Orens de Gameville\n[\/vc_column_text][\/vc_tta_section]\n\n[vc_tta_section title=&#8221;2013&#8243; tab_id=&#8221;1473859785018-d3e260d6-39bd&#8221;][vc_column_text]Juillet &#8211; Performance artistique &#8211; Domaine d\u2019en S\u00e9gur\n\nJuillet &#8211; Salon des arts du pays\u00a0brassagais &#8211; Brassac\n\nOctobre &#8211; Festival la Salamandre &#8211; Morges (Suisse)\n\nNovembre &#8211; Salon des artisans &#8211; Sainte Foy d\u2019Aigrefeuille\n\nD\u00e9cembre &#8211; March\u00e9 de No\u00ebl (chalet cr\u00e9ateur) &#8211; Toulouse\n\nD\u00e9cembre &#8211; March\u00e9 de No\u00ebl &#8211; Mirande\n\nD\u00e9cembre &#8211; March\u00e9 de No\u00ebl Alterrae &#8211; Saint Orens de Gameville[\/vc_column_text][\/vc_tta_section][\/vc_tta_accordion][vc_column width=&#8221;1\/6&#8243;][\/vc_column][\/vc_row][vc_row][vc_column][vc_column_text]\n\n<!-- wp:paragraph -->\n\n<!-- \/wp:paragraph -->\n\n<!-- wp:paragraph -->\n\n<!-- \/wp:paragraph -->\n\n<!-- wp:paragraph -->\n\n<!-- \/wp:paragraph -->\n\n<!-- wp:tadv\/classic-paragraph \/-->[\/vc_column_text][\/vc_column][\/vc_row]\n\n<!-- wp:tadv\/classic-paragraph \/-->","protected":false},"excerpt":{"rendered":"<p>[vc_row][vc_column_text]Marie-Isabelle MARIEY Ceramic artist &#8211; Art woodturner [\/vc_column_text][\/vc_row] [vc_row][vc_column][vc_column_text][\/vc_column_text][vc_separator border_width=&#8221;3&#8243;][vc_message] ***\u00a0 \u00a0 \u00a0 \u00a0 \u00a0 \u00a0 Member of Ateliers d&#8217;Art de France \u00a0 \u00a0 \u00a0 \u00a0 \u00a0 \u00a0*** After splendid exhibitions at Domaine de Fr\u00e9geneuil near Angoul\u00eame then Vallauris and Gruissan,plus Sainte Foy d&#8217;Aigrefeuille and Grenoble, I\u00a0 will open my workshop the coming week-end Don&#8217;t&hellip;<\/p>\n","protected":false},"author":1,"featured_media":0,"parent":0,"menu_order":0,"comment_status":"closed","ping_status":"closed","template":"","meta":{"spay_email":""},"jetpack_sharing_enabled":true,"jetpack_shortlink":"https:\/\/wp.me\/P7KlT0-2","_links":{"self":[{"href":"https:\/\/ceramim.com\/index.php\/wp-json\/wp\/v2\/pages\/2"}],"collection":[{"href":"https:\/\/ceramim.com\/index.php\/wp-json\/wp\/v2\/pages"}],"about":[{"href":"https:\/\/ceramim.com\/index.php\/wp-json\/wp\/v2\/types\/page"}],"author":[{"embeddable":true,"href":"https:\/\/ceramim.com\/index.php\/wp-json\/wp\/v2\/users\/1"}],"replies":[{"embeddable":true,"href":"https:\/\/ceramim.com\/index.php\/wp-json\/wp\/v2\/comments?post=2"}],"version-history":[{"count":68,"href":"https:\/\/ceramim.com\/index.php\/wp-json\/wp\/v2\/pages\/2\/revisions"}],"predecessor-version":[{"id":6188,"href":"https:\/\/ceramim.com\/index.php\/wp-json\/wp\/v2\/pages\/2\/revisions\/6188"}],"wp:attachment":[{"href":"https:\/\/ceramim.com\/index.php\/wp-json\/wp\/v2\/media?parent=2"}],"curies":[{"name":"wp","href":"https:\/\/api.w.org\/{rel}","templated":true}]}}