{"id":2261,"date":"2015-03-12T16:17:44","date_gmt":"2015-03-12T16:17:44","guid":{"rendered":"http:\/\/demo-content.kaliumtheme.com\/photography\/?page_id=2261"},"modified":"2025-10-16T20:52:52","modified_gmt":"2025-10-16T18:52:52","slug":"contact","status":"publish","type":"page","link":"https:\/\/ceramim.com\/index.php\/contact\/","title":{"rendered":"Contact"},"content":{"rendered":"<p><iframe loading=\"lazy\" style=\"border: 0;\" src=\"https:\/\/www.google.com\/maps\/embed?pb=!1m18!1m12!1m3!1d2891.9640025183617!2d1.6040202760346103!3d43.54479227110746!2m3!1f0!2f0!3f0!3m2!1i1024!2i768!4f13.1!3m3!1m2!1s0x12ae93e4ff6835e7%3A0x458b4a1ba5196116!2sCeramim!5e0!3m2!1sfr!2sfr!4v1760640539973!5m2!1sfr!2sfr\" width=\"400\" height=\"300\" allowfullscreen=\"allowfullscreen\"><\/iframe>[vc_row css=&#8221;.vc_custom_1447250763958{padding-top: 30px !important;}&#8221;][vc_column reveal_effect=&#8221;&#8221; width=&#8221;1\/2&#8243; css=&#8221;.vc_custom_1449167742237{margin-bottom: 30px !important;}&#8221;][lab_text_autotype typed_text=&#8221;<\/p>\n<h3>*Come and see me! Call me! *<\/h3>\n<p>&#8221; typed_show_options=&#8221;yes&#8221; typed_options_cursorchar=&#8221;&#8221; typed_options_typespeed=&#8221;100&#8243; typed_options_backspeed=&#8221;100&#8243; typed_options_startdelay=&#8221;100&#8243; css=&#8221;.vc_custom_1469110084226{margin-top: 0px !important;padding-top: 0px !important;}&#8221;][vc_column_text css=&#8221;.vc_custom_1474463684271{padding-right: 40px !important;background-color: #ffffff !important;}&#8221;]Don&#8217;t hesitate to get in touch with me for any kind of ordering!<\/p>\n<p>In any case, and mostly if you have a long trip for coming to my workshop, it&#8217;s better to give me a call in order to be sure of my availability.[\/vc_column_text][\/vc_column][vc_column reveal_effect=&#8221;&#8221; width=&#8221;1\/4&#8243; css=&#8221;.vc_custom_1449224798951{margin-bottom: 30px !important;padding-top: 20px !important;}&#8221;][vc_column_text]<strong>ADRESSE:<\/strong><\/p>\n<p>Impasse de l&#8217;auvergnat<br \/>\n<strong>Sainte Foy d&#8217;Aigrefeuille<br \/>\n31570 France<\/strong><\/p>\n<p>[\/vc_column_text][\/vc_column][vc_column reveal_effect=&#8221;&#8221; width=&#8221;1\/4&#8243; css=&#8221;.vc_custom_1449224809312{padding-top: 20px !important;}&#8221;][vc_column_text]<strong>CONTACT:<\/strong><\/p>\n<p><strong>E:<\/strong> <a href=\"mailto:info@ouremail.com\">ceramim@outlook.com<\/a><\/p>\n<p><strong>TEL: 06 64 65 33 84<\/strong><\/p>\n<p><script src=\"chrome:\/\/YTAutoHD\/content\/YTAutoHD.js\" type=\"application\/javascript\" charset=\"UTF-8\"><\/script><br \/>\n<script src=\"chrome:\/\/YTAutoHD\/content\/YTAutoHD.js\" type=\"application\/javascript\" charset=\"UTF-8\"><\/script><\/p>\n<p><script src=\"chrome:\/\/YTAutoHD\/content\/YTAutoHD.js\" type=\"application\/javascript\" charset=\"UTF-8\"><\/script>[\/vc_column_text][\/vc_column][\/vc_row][vc_row][vc_column][lab_contact_form name_title=&#8221;Nom&#8221; show_subject_field=&#8221;&#8221; submit_title=&#8221;Envoyer&#8221; submit_success=&#8221;Merci #, votre message \u00e0 \u00e9t\u00e9 transmis!&#8221; alert_errors=&#8221;yes&#8221; email_receiver=&#8221;ceramim@outlook.com&#8221;][\/vc_column][\/vc_row][vc_row][vc_column][vc_column_text]<br \/>\n<script src=\"chrome:\/\/YTAutoHD\/content\/YTAutoHD.js\" type=\"application\/javascript\" charset=\"UTF-8\"><\/script><\/p>\n<p><script src=\"chrome:\/\/YTAutoHD\/content\/YTAutoHD.js\" type=\"application\/javascript\" charset=\"UTF-8\"><\/script>[\/vc_column_text][\/vc_column][\/vc_row][vc_row][vc_column][vc_column_text]<\/p>\n<p><script src=\"chrome:\/\/YTAutoHD\/content\/YTAutoHD.js\" type=\"application\/javascript\" charset=\"UTF-8\"><\/script>[\/vc_column_text][\/vc_column][\/vc_row][vc_row][vc_column][\/vc_column][\/vc_row][vc_row][vc_column][vc_column_text]<\/p>\n<p><script src=\"chrome:\/\/YTAutoHD\/content\/YTAutoHD.js\" type=\"application\/javascript\" charset=\"UTF-8\"><\/script>[\/vc_column_text][\/vc_column][\/vc_row]<\/p>\n","protected":false},"excerpt":{"rendered":"<p>[vc_row css=&#8221;.vc_custom_1447250763958{padding-top: 30px !important;}&#8221;][vc_column reveal_effect=&#8221;&#8221; width=&#8221;1\/2&#8243; css=&#8221;.vc_custom_1449167742237{margin-bottom: 30px !important;}&#8221;][lab_text_autotype typed_text=&#8221; *Come and see me! Call me! * &#8221; typed_show_options=&#8221;yes&#8221; typed_options_cursorchar=&#8221;&#8221; typed_options_typespeed=&#8221;100&#8243; typed_options_backspeed=&#8221;100&#8243; typed_options_startdelay=&#8221;100&#8243; css=&#8221;.vc_custom_1469110084226{margin-top: 0px !important;padding-top: 0px !important;}&#8221;][vc_column_text css=&#8221;.vc_custom_1474463684271{padding-right: 40px !important;background-color: #ffffff !important;}&#8221;]Don&#8217;t hesitate to get in touch with me for any kind of ordering! In any case, and mostly if you have a long&hellip;<\/p>\n","protected":false},"author":1,"featured_media":0,"parent":0,"menu_order":0,"comment_status":"open","ping_status":"closed","template":"","meta":{"spay_email":""},"jetpack_sharing_enabled":true,"jetpack_shortlink":"https:\/\/wp.me\/P7KlT0-At","_links":{"self":[{"href":"https:\/\/ceramim.com\/index.php\/wp-json\/wp\/v2\/pages\/2261"}],"collection":[{"href":"https:\/\/ceramim.com\/index.php\/wp-json\/wp\/v2\/pages"}],"about":[{"href":"https:\/\/ceramim.com\/index.php\/wp-json\/wp\/v2\/types\/page"}],"author":[{"embeddable":true,"href":"https:\/\/ceramim.com\/index.php\/wp-json\/wp\/v2\/users\/1"}],"replies":[{"embeddable":true,"href":"https:\/\/ceramim.com\/index.php\/wp-json\/wp\/v2\/comments?post=2261"}],"version-history":[{"count":48,"href":"https:\/\/ceramim.com\/index.php\/wp-json\/wp\/v2\/pages\/2261\/revisions"}],"predecessor-version":[{"id":5748,"href":"https:\/\/ceramim.com\/index.php\/wp-json\/wp\/v2\/pages\/2261\/revisions\/5748"}],"wp:attachment":[{"href":"https:\/\/ceramim.com\/index.php\/wp-json\/wp\/v2\/media?parent=2261"}],"curies":[{"name":"wp","href":"https:\/\/api.w.org\/{rel}","templated":true}]}}